{"id":168,"date":"2024-07-21T15:56:34","date_gmt":"2024-07-21T15:56:34","guid":{"rendered":"https:\/\/markettrend.ro\/?page_id=168"},"modified":"2025-08-22T06:52:01","modified_gmt":"2025-08-22T06:52:01","slug":"macro","status":"publish","type":"page","link":"https:\/\/markettrend.ro\/index.php\/macro\/","title":{"rendered":"Macro"},"content":{"rendered":"\n<p>This is about politics and macroeconomic decisions. Cheers!<\/p>\n\n\n<ul class=\"wp-block-kadence-posts kb-posts kadence-posts-list kb-posts-id-168_c828ba-dd content-wrap grid-cols kb-posts-style-unboxed grid-sm-col-2 grid-lg-col-2 item-image-style-above\"><li class=\"kb-post-list-item\">\n\t<article class=\"entry content-bg loop-entry post-356 post type-post status-publish format-standard has-post-thumbnail hentry category-macro\">\n\t\t\t\t<a aria-hidden=\"true\" tabindex=\"-1\" role=\"presentation\" class=\"post-thumbnail kadence-thumbnail-ratio-2-3\" href=\"https:\/\/markettrend.ro\/index.php\/2025\/08\/13\/despre-taieri-cresteri-de-taxe-si-crestere-economica\/\" aria-label=\"Despre t\u0103ieri, cre\u0219teri de taxe \u0219i cre\u0219tere economic\u0103\">\n\t\t\t<div class=\"post-thumbnail-inner\">\n\t\t\t\t<img loading=\"lazy\" decoding=\"async\" width=\"414\" height=\"276\" src=\"https:\/\/markettrend.ro\/wp-content\/uploads\/2025\/08\/gov-e1755071482140.webp\" class=\"attachment-medium_large size-medium_large wp-post-image\" alt=\"Despre t\u0103ieri, cre\u0219teri de taxe \u0219i cre\u0219tere economic\u0103\" srcset=\"https:\/\/markettrend.ro\/wp-content\/uploads\/2025\/08\/gov-e1755071482140.webp 414w, https:\/\/markettrend.ro\/wp-content\/uploads\/2025\/08\/gov-e1755071482140-300x200.webp 300w\" sizes=\"auto, (max-width: 414px) 100vw, 414px\" \/>\t\t\t<\/div>\n\t\t<\/a><!-- .post-thumbnail -->\n\t\t\t\t<div class=\"entry-content-wrap\">\n\t\t\t<header class=\"entry-header\">\n\t\t<div class=\"entry-taxonomies\">\n\t\t<span class=\"category-links term-links category-style-normal\">\n\t\t\t<a href=\"https:\/\/markettrend.ro\/index.php\/category\/macro\/\" rel=\"category tag\">Macro<\/a>\t\t<\/span>\n\t<\/div><!-- .entry-taxonomies -->\n\t<h2 class=\"entry-title\"><a href=\"https:\/\/markettrend.ro\/index.php\/2025\/08\/13\/despre-taieri-cresteri-de-taxe-si-crestere-economica\/\" rel=\"bookmark\">Despre t\u0103ieri, cre\u0219teri de taxe \u0219i cre\u0219tere economic\u0103<\/a><\/h2>\t<div class=\"entry-meta entry-meta-divider-dot\">\n\t<span class=\"posted-by\"><span class=\"meta-label\">By<\/span><span class=\"author vcard\"><span class=\"fn n\">Market Trend<\/span><\/span><\/span>\t\t\t<span class=\"posted-on\">\n\t\t\t\t<time class=\"entry-date published\" datetime=\"2025-08-13T07:46:21+00:00\">August 13, 2025<\/time><time class=\"updated\" datetime=\"2026-02-13T15:27:19+00:00\">February 13, 2026<\/time>\t\t\t<\/span>\n\t\t\t\t<\/div><!-- .entry-meta -->\n\t<\/header><!-- .entry-header -->\n\t<div class=\"entry-summary\">\n\t\t<p>Acest articol va fi pu\u021bin mai lung \u0219i sunt sigur c\u0103 \u00ee\u0219i va lua doza lui de hate, dar cred c\u0103 este nevoie s\u0103 \u00eel scriu. Dup\u0103 o lun\u0103 \u0219i jum\u0103tate de negocieri \u0219i bulib\u0103\u0219eal\u0103, Rom\u00e2nia are un Prim-ministru \u00een persoana fostului Pre\u0219edinte interimar. O persoan\u0103 care a muncit toat\u0103 via\u021ba \u00een institu\u021bii de stat [&hellip;]<\/p>\n\t<\/div><!-- .entry-summary -->\n\t<footer class=\"entry-footer\">\n\t\t\t<div class=\"entry-actions\">\n\t\t\t<p class=\"more-link-wrap\">\n\t\t\t\t<a href=\"https:\/\/markettrend.ro\/index.php\/2025\/08\/13\/despre-taieri-cresteri-de-taxe-si-crestere-economica\/\" class=\"post-more-link\">\n\t\t\t\t\tRead More<span class=\"screen-reader-text\"> Despre t\u0103ieri, cre\u0219teri de taxe \u0219i cre\u0219tere economic\u0103<\/span><span class=\"kadence-svg-iconset svg-baseline\"><svg aria-hidden=\"true\" class=\"kadence-svg-icon kadence-arrow-right-alt-svg\" fill=\"currentColor\" version=\"1.1\" xmlns=\"http:\/\/www.w3.org\/2000\/svg\" width=\"27\" height=\"28\" viewBox=\"0 0 27 28\"><title>Continue<\/title><path d=\"M27 13.953c0 0.141-0.063 0.281-0.156 0.375l-6 5.531c-0.156 0.141-0.359 0.172-0.547 0.094-0.172-0.078-0.297-0.25-0.297-0.453v-3.5h-19.5c-0.281 0-0.5-0.219-0.5-0.5v-3c0-0.281 0.219-0.5 0.5-0.5h19.5v-3.5c0-0.203 0.109-0.375 0.297-0.453s0.391-0.047 0.547 0.078l6 5.469c0.094 0.094 0.156 0.219 0.156 0.359v0z\"><\/path>\n\t\t\t<\/svg><\/span>\t\t\t\t<\/a>\n\t\t\t<\/p>\n\t\t<\/div><!-- .entry-actions -->\n\t\t<\/footer><!-- .entry-footer -->\t\t<\/div>\n\t<\/article>\n<\/li>\n<li class=\"kb-post-list-item\">\n\t<article class=\"entry content-bg loop-entry post-305 post type-post status-publish format-standard has-post-thumbnail hentry category-macro tag-costuri tag-productivitate-2 tag-salarii-2 tag-taxe-2\">\n\t\t\t\t<a aria-hidden=\"true\" tabindex=\"-1\" role=\"presentation\" class=\"post-thumbnail kadence-thumbnail-ratio-2-3\" href=\"https:\/\/markettrend.ro\/index.php\/2024\/10\/18\/salarii-prductivitate-si-ma\/\" aria-label=\"Despre salarii, productivitate, taxe \u0219i m\u0103suri de stimulare economic\u0103\">\n\t\t\t<div class=\"post-thumbnail-inner\">\n\t\t\t\t<img loading=\"lazy\" decoding=\"async\" width=\"768\" height=\"601\" src=\"https:\/\/markettrend.ro\/wp-content\/uploads\/2024\/10\/cardealer-768x601.jpg\" class=\"attachment-medium_large size-medium_large wp-post-image\" alt=\"Despre salarii, productivitate, taxe \u0219i m\u0103suri de stimulare economic\u0103\" srcset=\"https:\/\/markettrend.ro\/wp-content\/uploads\/2024\/10\/cardealer-768x601.jpg 768w, https:\/\/markettrend.ro\/wp-content\/uploads\/2024\/10\/cardealer-300x235.jpg 300w, https:\/\/markettrend.ro\/wp-content\/uploads\/2024\/10\/cardealer-1024x801.jpg 1024w, https:\/\/markettrend.ro\/wp-content\/uploads\/2024\/10\/cardealer-1536x1202.jpg 1536w, https:\/\/markettrend.ro\/wp-content\/uploads\/2024\/10\/cardealer-2048x1603.jpg 2048w\" sizes=\"auto, (max-width: 768px) 100vw, 768px\" \/>\t\t\t<\/div>\n\t\t<\/a><!-- .post-thumbnail -->\n\t\t\t\t<div class=\"entry-content-wrap\">\n\t\t\t<header class=\"entry-header\">\n\t\t<div class=\"entry-taxonomies\">\n\t\t<span class=\"category-links term-links category-style-normal\">\n\t\t\t<a href=\"https:\/\/markettrend.ro\/index.php\/category\/macro\/\" rel=\"category tag\">Macro<\/a>\t\t<\/span>\n\t<\/div><!-- .entry-taxonomies -->\n\t<h2 class=\"entry-title\"><a href=\"https:\/\/markettrend.ro\/index.php\/2024\/10\/18\/salarii-prductivitate-si-ma\/\" rel=\"bookmark\">Despre salarii, productivitate, taxe \u0219i m\u0103suri de stimulare economic\u0103<\/a><\/h2>\t<div class=\"entry-meta entry-meta-divider-dot\">\n\t<span class=\"posted-by\"><span class=\"meta-label\">By<\/span><span class=\"author vcard\"><span class=\"fn n\">Market Trend<\/span><\/span><\/span>\t\t\t<span class=\"posted-on\">\n\t\t\t\t<time class=\"entry-date published\" datetime=\"2024-10-18T07:54:59+00:00\">October 18, 2024<\/time><time class=\"updated\" datetime=\"2024-11-17T14:07:59+00:00\">November 17, 2024<\/time>\t\t\t<\/span>\n\t\t\t\t<\/div><!-- .entry-meta -->\n\t<\/header><!-- .entry-header -->\n\t<div class=\"entry-summary\">\n\t\t<p>Sau mai bine zis, de unde \u00ee\u021bi bei cafeaua? Nu \u0219tiu cat de mul\u021bi oameni sunt con\u0219tien\u021bi de: ce anume \u00eenseamn\u0103 salariul pe care \u00eel primesc pentru productivitatea firmei \u0219i mai ales pentru eforturile pe care ar trebui s\u0103 le fac\u0103 managementul pentru a asigura un flux constant de cash. Scopul articolului este mai mult [&hellip;]<\/p>\n\t<\/div><!-- .entry-summary -->\n\t<footer class=\"entry-footer\">\n\t\t\t<div class=\"entry-actions\">\n\t\t\t<p class=\"more-link-wrap\">\n\t\t\t\t<a href=\"https:\/\/markettrend.ro\/index.php\/2024\/10\/18\/salarii-prductivitate-si-ma\/\" class=\"post-more-link\">\n\t\t\t\t\tRead More<span class=\"screen-reader-text\"> Despre salarii, productivitate, taxe \u0219i m\u0103suri de stimulare economic\u0103<\/span><span class=\"kadence-svg-iconset svg-baseline\"><svg aria-hidden=\"true\" class=\"kadence-svg-icon kadence-arrow-right-alt-svg\" fill=\"currentColor\" version=\"1.1\" xmlns=\"http:\/\/www.w3.org\/2000\/svg\" width=\"27\" height=\"28\" viewBox=\"0 0 27 28\"><title>Continue<\/title><path d=\"M27 13.953c0 0.141-0.063 0.281-0.156 0.375l-6 5.531c-0.156 0.141-0.359 0.172-0.547 0.094-0.172-0.078-0.297-0.25-0.297-0.453v-3.5h-19.5c-0.281 0-0.5-0.219-0.5-0.5v-3c0-0.281 0.219-0.5 0.5-0.5h19.5v-3.5c0-0.203 0.109-0.375 0.297-0.453s0.391-0.047 0.547 0.078l6 5.469c0.094 0.094 0.156 0.219 0.156 0.359v0z\"><\/path>\n\t\t\t<\/svg><\/span>\t\t\t\t<\/a>\n\t\t\t<\/p>\n\t\t<\/div><!-- .entry-actions -->\n\t\t<\/footer><!-- .entry-footer -->\t\t<\/div>\n\t<\/article>\n<\/li>\n<li class=\"kb-post-list-item\">\n\t<article class=\"entry content-bg loop-entry post-162 post type-post status-publish format-standard has-post-thumbnail hentry category-macro tag-macroeconomics tag-macroeconomie tag-salariu tag-salariu-minim\">\n\t\t\t\t<a aria-hidden=\"true\" tabindex=\"-1\" role=\"presentation\" class=\"post-thumbnail kadence-thumbnail-ratio-2-3\" href=\"https:\/\/markettrend.ro\/index.php\/2024\/07\/21\/marirea-salariului-minim-brut-pe-economie\/\" aria-label=\"Marirea salariului minim brut pe economie\">\n\t\t\t<div class=\"post-thumbnail-inner\">\n\t\t\t\t<img loading=\"lazy\" decoding=\"async\" width=\"768\" height=\"512\" src=\"https:\/\/markettrend.ro\/wp-content\/uploads\/2024\/07\/money-768x512.jpeg\" class=\"attachment-medium_large size-medium_large wp-post-image\" alt=\"Marirea salariului minim brut pe economie\" srcset=\"https:\/\/markettrend.ro\/wp-content\/uploads\/2024\/07\/money-768x512.jpeg 768w, https:\/\/markettrend.ro\/wp-content\/uploads\/2024\/07\/money-300x200.jpeg 300w, https:\/\/markettrend.ro\/wp-content\/uploads\/2024\/07\/money-1024x683.jpeg 1024w, https:\/\/markettrend.ro\/wp-content\/uploads\/2024\/07\/money-1536x1024.jpeg 1536w, https:\/\/markettrend.ro\/wp-content\/uploads\/2024\/07\/money-2048x1365.jpeg 2048w\" sizes=\"auto, (max-width: 768px) 100vw, 768px\" \/>\t\t\t<\/div>\n\t\t<\/a><!-- .post-thumbnail -->\n\t\t\t\t<div class=\"entry-content-wrap\">\n\t\t\t<header class=\"entry-header\">\n\t\t<div class=\"entry-taxonomies\">\n\t\t<span class=\"category-links term-links category-style-normal\">\n\t\t\t<a href=\"https:\/\/markettrend.ro\/index.php\/category\/macro\/\" rel=\"category tag\">Macro<\/a>\t\t<\/span>\n\t<\/div><!-- .entry-taxonomies -->\n\t<h2 class=\"entry-title\"><a href=\"https:\/\/markettrend.ro\/index.php\/2024\/07\/21\/marirea-salariului-minim-brut-pe-economie\/\" rel=\"bookmark\">Marirea salariului minim brut pe economie<\/a><\/h2>\t<div class=\"entry-meta entry-meta-divider-dot\">\n\t<span class=\"posted-by\"><span class=\"meta-label\">By<\/span><span class=\"author vcard\"><span class=\"fn n\">Market Trend<\/span><\/span><\/span>\t\t\t<span class=\"posted-on\">\n\t\t\t\t<time class=\"entry-date published\" datetime=\"2024-07-21T15:27:24+00:00\">July 21, 2024<\/time><time class=\"updated\" datetime=\"2024-10-24T20:53:16+00:00\">October 24, 2024<\/time>\t\t\t<\/span>\n\t\t\t\t<\/div><!-- .entry-meta -->\n\t<\/header><!-- .entry-header -->\n\t<div class=\"entry-summary\">\n\t\t<p>Sau unde dai si unde crapa Cu riscul de a imi lua o doza mare de hate, articolul acesta este despre efectele ascunse pe care le are de obicei o masura politico &#8211; financiara cu implicatii economice puternice asa cum este marirea salariului minim brut pe economie. E o masura buna, nu-i asa? Articolul acesta [&hellip;]<\/p>\n\t<\/div><!-- .entry-summary -->\n\t<footer class=\"entry-footer\">\n\t\t\t<div class=\"entry-actions\">\n\t\t\t<p class=\"more-link-wrap\">\n\t\t\t\t<a href=\"https:\/\/markettrend.ro\/index.php\/2024\/07\/21\/marirea-salariului-minim-brut-pe-economie\/\" class=\"post-more-link\">\n\t\t\t\t\tRead More<span class=\"screen-reader-text\"> Marirea salariului minim brut pe economie<\/span><span class=\"kadence-svg-iconset svg-baseline\"><svg aria-hidden=\"true\" class=\"kadence-svg-icon kadence-arrow-right-alt-svg\" fill=\"currentColor\" version=\"1.1\" xmlns=\"http:\/\/www.w3.org\/2000\/svg\" width=\"27\" height=\"28\" viewBox=\"0 0 27 28\"><title>Continue<\/title><path d=\"M27 13.953c0 0.141-0.063 0.281-0.156 0.375l-6 5.531c-0.156 0.141-0.359 0.172-0.547 0.094-0.172-0.078-0.297-0.25-0.297-0.453v-3.5h-19.5c-0.281 0-0.5-0.219-0.5-0.5v-3c0-0.281 0.219-0.5 0.5-0.5h19.5v-3.5c0-0.203 0.109-0.375 0.297-0.453s0.391-0.047 0.547 0.078l6 5.469c0.094 0.094 0.156 0.219 0.156 0.359v0z\"><\/path>\n\t\t\t<\/svg><\/span>\t\t\t\t<\/a>\n\t\t\t<\/p>\n\t\t<\/div><!-- .entry-actions -->\n\t\t<\/footer><!-- .entry-footer -->\t\t<\/div>\n\t<\/article>\n<\/li>\n<\/ul>","protected":false},"excerpt":{"rendered":"<p>This is about politics and macroeconomic decisions. Cheers!<\/p>\n","protected":false},"author":1,"featured_media":0,"parent":0,"menu_order":0,"comment_status":"closed","ping_status":"closed","template":"","meta":{"jetpack_post_was_ever_published":false,"footnotes":""},"class_list":["post-168","page","type-page","status-publish","hentry"],"yoast_head":"<!-- This site is optimized with the Yoast SEO plugin v27.1.1 - https:\/\/yoast.com\/product\/yoast-seo-wordpress\/ -->\n<title>Macro - Market Trend<\/title>\n<meta name=\"robots\" content=\"index, follow, max-snippet:-1, max-image-preview:large, max-video-preview:-1\" \/>\n<link rel=\"canonical\" href=\"https:\/\/markettrend.ro\/index.php\/macro\/\" \/>\n<meta property=\"og:locale\" content=\"en_US\" \/>\n<meta property=\"og:type\" content=\"article\" \/>\n<meta property=\"og:title\" content=\"Macro - Market Trend\" \/>\n<meta property=\"og:description\" content=\"This is about politics and macroeconomic decisions. Cheers!\" \/>\n<meta property=\"og:url\" content=\"https:\/\/markettrend.ro\/index.php\/macro\/\" \/>\n<meta property=\"og:site_name\" content=\"Market Trend\" \/>\n<meta property=\"article:publisher\" content=\"https:\/\/www.facebook.com\/profile.php?id=100076469881225\" \/>\n<meta property=\"article:modified_time\" content=\"2025-08-22T06:52:01+00:00\" \/>\n<meta name=\"twitter:card\" content=\"summary_large_image\" \/>\n<meta name=\"twitter:label1\" content=\"Est. reading time\" \/>\n\t<meta name=\"twitter:data1\" content=\"1 minute\" \/>\n<script type=\"application\/ld+json\" class=\"yoast-schema-graph\">{\"@context\":\"https:\/\/schema.org\",\"@graph\":[{\"@type\":\"WebPage\",\"@id\":\"https:\/\/markettrend.ro\/index.php\/macro\/\",\"url\":\"https:\/\/markettrend.ro\/index.php\/macro\/\",\"name\":\"Macro - Market Trend\",\"isPartOf\":{\"@id\":\"https:\/\/markettrend.ro\/#website\"},\"datePublished\":\"2024-07-21T15:56:34+00:00\",\"dateModified\":\"2025-08-22T06:52:01+00:00\",\"breadcrumb\":{\"@id\":\"https:\/\/markettrend.ro\/index.php\/macro\/#breadcrumb\"},\"inLanguage\":\"en-US\",\"potentialAction\":[{\"@type\":\"ReadAction\",\"target\":[\"https:\/\/markettrend.ro\/index.php\/macro\/\"]}]},{\"@type\":\"BreadcrumbList\",\"@id\":\"https:\/\/markettrend.ro\/index.php\/macro\/#breadcrumb\",\"itemListElement\":[{\"@type\":\"ListItem\",\"position\":1,\"name\":\"Home\",\"item\":\"https:\/\/markettrend.ro\/\"},{\"@type\":\"ListItem\",\"position\":2,\"name\":\"Macro\"}]},{\"@type\":\"WebSite\",\"@id\":\"https:\/\/markettrend.ro\/#website\",\"url\":\"https:\/\/markettrend.ro\/\",\"name\":\"Market Trend\",\"description\":\"Business Thinking\",\"publisher\":{\"@id\":\"https:\/\/markettrend.ro\/#organization\"},\"potentialAction\":[{\"@type\":\"SearchAction\",\"target\":{\"@type\":\"EntryPoint\",\"urlTemplate\":\"https:\/\/markettrend.ro\/?s={search_term_string}\"},\"query-input\":{\"@type\":\"PropertyValueSpecification\",\"valueRequired\":true,\"valueName\":\"search_term_string\"}}],\"inLanguage\":\"en-US\"},{\"@type\":\"Organization\",\"@id\":\"https:\/\/markettrend.ro\/#organization\",\"name\":\"Market Trend\",\"url\":\"https:\/\/markettrend.ro\/\",\"logo\":{\"@type\":\"ImageObject\",\"inLanguage\":\"en-US\",\"@id\":\"https:\/\/markettrend.ro\/#\/schema\/logo\/image\/\",\"url\":\"https:\/\/markettrend.ro\/wp-content\/uploads\/2024\/07\/MTlogo.png\",\"contentUrl\":\"https:\/\/markettrend.ro\/wp-content\/uploads\/2024\/07\/MTlogo.png\",\"width\":600,\"height\":180,\"caption\":\"Market Trend\"},\"image\":{\"@id\":\"https:\/\/markettrend.ro\/#\/schema\/logo\/image\/\"},\"sameAs\":[\"https:\/\/www.facebook.com\/profile.php?id=100076469881225\"]}]}<\/script>\n<!-- \/ Yoast SEO plugin. -->","yoast_head_json":{"title":"Macro - Market Trend","robots":{"index":"index","follow":"follow","max-snippet":"max-snippet:-1","max-image-preview":"max-image-preview:large","max-video-preview":"max-video-preview:-1"},"canonical":"https:\/\/markettrend.ro\/index.php\/macro\/","og_locale":"en_US","og_type":"article","og_title":"Macro - Market Trend","og_description":"This is about politics and macroeconomic decisions. Cheers!","og_url":"https:\/\/markettrend.ro\/index.php\/macro\/","og_site_name":"Market Trend","article_publisher":"https:\/\/www.facebook.com\/profile.php?id=100076469881225","article_modified_time":"2025-08-22T06:52:01+00:00","twitter_card":"summary_large_image","twitter_misc":{"Est. reading time":"1 minute"},"schema":{"@context":"https:\/\/schema.org","@graph":[{"@type":"WebPage","@id":"https:\/\/markettrend.ro\/index.php\/macro\/","url":"https:\/\/markettrend.ro\/index.php\/macro\/","name":"Macro - Market Trend","isPartOf":{"@id":"https:\/\/markettrend.ro\/#website"},"datePublished":"2024-07-21T15:56:34+00:00","dateModified":"2025-08-22T06:52:01+00:00","breadcrumb":{"@id":"https:\/\/markettrend.ro\/index.php\/macro\/#breadcrumb"},"inLanguage":"en-US","potentialAction":[{"@type":"ReadAction","target":["https:\/\/markettrend.ro\/index.php\/macro\/"]}]},{"@type":"BreadcrumbList","@id":"https:\/\/markettrend.ro\/index.php\/macro\/#breadcrumb","itemListElement":[{"@type":"ListItem","position":1,"name":"Home","item":"https:\/\/markettrend.ro\/"},{"@type":"ListItem","position":2,"name":"Macro"}]},{"@type":"WebSite","@id":"https:\/\/markettrend.ro\/#website","url":"https:\/\/markettrend.ro\/","name":"Market Trend","description":"Business Thinking","publisher":{"@id":"https:\/\/markettrend.ro\/#organization"},"potentialAction":[{"@type":"SearchAction","target":{"@type":"EntryPoint","urlTemplate":"https:\/\/markettrend.ro\/?s={search_term_string}"},"query-input":{"@type":"PropertyValueSpecification","valueRequired":true,"valueName":"search_term_string"}}],"inLanguage":"en-US"},{"@type":"Organization","@id":"https:\/\/markettrend.ro\/#organization","name":"Market Trend","url":"https:\/\/markettrend.ro\/","logo":{"@type":"ImageObject","inLanguage":"en-US","@id":"https:\/\/markettrend.ro\/#\/schema\/logo\/image\/","url":"https:\/\/markettrend.ro\/wp-content\/uploads\/2024\/07\/MTlogo.png","contentUrl":"https:\/\/markettrend.ro\/wp-content\/uploads\/2024\/07\/MTlogo.png","width":600,"height":180,"caption":"Market Trend"},"image":{"@id":"https:\/\/markettrend.ro\/#\/schema\/logo\/image\/"},"sameAs":["https:\/\/www.facebook.com\/profile.php?id=100076469881225"]}]}},"jetpack_sharing_enabled":true,"_links":{"self":[{"href":"https:\/\/markettrend.ro\/index.php\/wp-json\/wp\/v2\/pages\/168","targetHints":{"allow":["GET"]}}],"collection":[{"href":"https:\/\/markettrend.ro\/index.php\/wp-json\/wp\/v2\/pages"}],"about":[{"href":"https:\/\/markettrend.ro\/index.php\/wp-json\/wp\/v2\/types\/page"}],"author":[{"embeddable":true,"href":"https:\/\/markettrend.ro\/index.php\/wp-json\/wp\/v2\/users\/1"}],"replies":[{"embeddable":true,"href":"https:\/\/markettrend.ro\/index.php\/wp-json\/wp\/v2\/comments?post=168"}],"version-history":[{"count":2,"href":"https:\/\/markettrend.ro\/index.php\/wp-json\/wp\/v2\/pages\/168\/revisions"}],"predecessor-version":[{"id":390,"href":"https:\/\/markettrend.ro\/index.php\/wp-json\/wp\/v2\/pages\/168\/revisions\/390"}],"wp:attachment":[{"href":"https:\/\/markettrend.ro\/index.php\/wp-json\/wp\/v2\/media?parent=168"}],"curies":[{"name":"wp","href":"https:\/\/api.w.org\/{rel}","templated":true}]}}